{"id":28052,"date":"2021-10-27T13:33:34","date_gmt":"2021-10-27T11:33:34","guid":{"rendered":"https:\/\/huntingeurope.be\/?post_type=product&#038;p=28052"},"modified":"2021-10-28T12:23:42","modified_gmt":"2021-10-28T10:23:42","slug":"alaska-ranger-veste-pour-femme-blindtech-invisible-ii","status":"publish","type":"product","link":"https:\/\/huntingeurope.be\/fr\/produit\/alaska-ranger-veste-pour-femme-blindtech-invisible-ii\/","title":{"rendered":"Alaska Ranger Veste pour Femme &#8211; BlindTech Invisible II"},"content":{"rendered":"<p>La veste Alaska Ranger est une veste 3 saisons polyvalente et silencieuse, parfaite pour les journ\u00e9es de plein air venteuses et plus fra\u00eeches. Le mat\u00e9riau est tr\u00e8s respirant et poss\u00e8de une construction ripstop extr\u00eamement durable. Gr\u00e2ce au traitement DWR sans PFC, une option plus durable, le porteur peut rester au sec m\u00eame sous de l\u00e9g\u00e8res averses. La veste est dot\u00e9e d&rsquo;une capuche r\u00e9glable, de plusieurs poches pour ranger vos affaires lorsque vous \u00eates \u00e0 l&rsquo;ext\u00e9rieur et d&rsquo;une coupe permettant une grande libert\u00e9 de mouvement.<\/p>\n<p>&#8211; Mat\u00e9riau en poly\/coton extr\u00eamement durable sur l&rsquo;ensemble du v\u00eatement<br \/>&#8211; Ajustement de la capuche \u00e0 l&rsquo;avant et \u00e0 l&rsquo;arri\u00e8re<br \/>&#8211; Fermeture \u00e9clair centrale sur le devant<br \/>&#8211; 2 grandes poches de poitrine \u00e0 fermeture \u00e9clair<br \/>&#8211; 1 poche poitrine inclin\u00e9e \u00e0 fermeture \u00e9clair pour radio<br \/>&#8211; 2 grandes poches \u00e0 main \u00e0 fermeture \u00e9clair<br \/>&#8211; Boucle de suspension au cou<br \/>&#8211; Porte-antenne \u00e9lastique \u00e0 l&rsquo;\u00e9paule<br \/>&#8211; Pochettes de munitions en filet \u00e0 l&rsquo;int\u00e9rieur des poches \u00e0 main<br \/>&#8211; Poche pour t\u00e9l\u00e9phone portable \u00e0 l&rsquo;int\u00e9rieur de la poche de poitrine droite<br \/>&#8211; R\u00e9glage par velcro aux poignets des manches<br \/>&#8211; Ajustement \u00e0 l&rsquo;ourlet<\/p>\n","protected":false},"excerpt":{"rendered":"<p>La veste Alaska Ranger est une veste 3 saisons polyvalente et silencieuse, parfaite pour les journ\u00e9es de plein air venteuses et plus fra\u00eeches. Le mat\u00e9riau&#8230;<\/p>\n","protected":false},"featured_media":20047,"template":"","meta":{"_joinchat":[]},"product_brand":[],"product_cat":[874,556],"product_tag":[],"class_list":{"0":"post-28052","1":"product","2":"type-product","3":"status-publish","4":"has-post-thumbnail","6":"product_cat-vendredi-noir","7":"product_cat-vestes","9":"first","10":"instock","11":"sale","12":"taxable","13":"shipping-taxable","14":"purchasable","15":"product-type-variable"},"yoast_head":"<!-- This site is optimized with the Yoast SEO plugin v27.5 - https:\/\/yoast.com\/product\/yoast-seo-wordpress\/ -->\n<title>Alaska Ranger Veste pour Femme - BlindTech Invisible II - Hunting Europe<\/title>\n<meta name=\"robots\" content=\"index, follow, max-snippet:-1, max-image-preview:large, max-video-preview:-1\" \/>\n<link rel=\"canonical\" href=\"https:\/\/huntingeurope.be\/fr\/produit\/alaska-ranger-veste-pour-femme-blindtech-invisible-ii\/\" \/>\n<meta property=\"og:locale\" content=\"fr_FR\" \/>\n<meta property=\"og:type\" content=\"article\" \/>\n<meta property=\"og:title\" content=\"Alaska Ranger Veste pour Femme - BlindTech Invisible II - Hunting Europe\" \/>\n<meta property=\"og:description\" content=\"La veste Alaska Ranger est une veste 3 saisons polyvalente et silencieuse, parfaite pour les journ\u00e9es de plein air venteuses et plus fra\u00eeches. Le mat\u00e9riau...\" \/>\n<meta property=\"og:url\" content=\"https:\/\/huntingeurope.be\/fr\/produit\/alaska-ranger-veste-pour-femme-blindtech-invisible-ii\/\" \/>\n<meta property=\"og:site_name\" content=\"Hunting Europe\" \/>\n<meta property=\"article:publisher\" content=\"https:\/\/www.facebook.com\/jachtwinkel.europe\/\" \/>\n<meta property=\"article:modified_time\" content=\"2021-10-28T10:23:42+00:00\" \/>\n<meta property=\"og:image\" content=\"https:\/\/huntingeurope.be\/wp-content\/uploads\/2021\/10\/Alaska-Ranger-Ws-Jacket_-BlindTech-Invisible-II-1.jpg\" \/>\n\t<meta property=\"og:image:width\" content=\"600\" \/>\n\t<meta property=\"og:image:height\" content=\"900\" \/>\n\t<meta property=\"og:image:type\" content=\"image\/jpeg\" \/>\n<meta name=\"twitter:card\" content=\"summary_large_image\" \/>\n<meta name=\"twitter:label1\" content=\"Dur\u00e9e de lecture estim\u00e9e\" \/>\n\t<meta name=\"twitter:data1\" content=\"1 minute\" \/>\n<script type=\"application\/ld+json\" class=\"yoast-schema-graph\">{\"@context\":\"https:\\\/\\\/schema.org\",\"@graph\":[{\"@type\":\"WebPage\",\"@id\":\"https:\\\/\\\/huntingeurope.be\\\/fr\\\/produit\\\/alaska-ranger-veste-pour-femme-blindtech-invisible-ii\\\/\",\"url\":\"https:\\\/\\\/huntingeurope.be\\\/fr\\\/produit\\\/alaska-ranger-veste-pour-femme-blindtech-invisible-ii\\\/\",\"name\":\"Alaska Ranger Veste pour Femme - BlindTech Invisible II - Hunting Europe\",\"isPartOf\":{\"@id\":\"https:\\\/\\\/huntingeurope.be\\\/fr\\\/?lang=en\\\/#website\"},\"primaryImageOfPage\":{\"@id\":\"https:\\\/\\\/huntingeurope.be\\\/fr\\\/produit\\\/alaska-ranger-veste-pour-femme-blindtech-invisible-ii\\\/#primaryimage\"},\"image\":{\"@id\":\"https:\\\/\\\/huntingeurope.be\\\/fr\\\/produit\\\/alaska-ranger-veste-pour-femme-blindtech-invisible-ii\\\/#primaryimage\"},\"thumbnailUrl\":\"https:\\\/\\\/huntingeurope.be\\\/wp-content\\\/uploads\\\/2021\\\/10\\\/Alaska-Ranger-Ws-Jacket_-BlindTech-Invisible-II-1.jpg\",\"datePublished\":\"2021-10-27T11:33:34+00:00\",\"dateModified\":\"2021-10-28T10:23:42+00:00\",\"breadcrumb\":{\"@id\":\"https:\\\/\\\/huntingeurope.be\\\/fr\\\/produit\\\/alaska-ranger-veste-pour-femme-blindtech-invisible-ii\\\/#breadcrumb\"},\"inLanguage\":\"fr-FR\",\"potentialAction\":[{\"@type\":\"ReadAction\",\"target\":[\"https:\\\/\\\/huntingeurope.be\\\/fr\\\/produit\\\/alaska-ranger-veste-pour-femme-blindtech-invisible-ii\\\/\"]}]},{\"@type\":\"ImageObject\",\"inLanguage\":\"fr-FR\",\"@id\":\"https:\\\/\\\/huntingeurope.be\\\/fr\\\/produit\\\/alaska-ranger-veste-pour-femme-blindtech-invisible-ii\\\/#primaryimage\",\"url\":\"https:\\\/\\\/huntingeurope.be\\\/wp-content\\\/uploads\\\/2021\\\/10\\\/Alaska-Ranger-Ws-Jacket_-BlindTech-Invisible-II-1.jpg\",\"contentUrl\":\"https:\\\/\\\/huntingeurope.be\\\/wp-content\\\/uploads\\\/2021\\\/10\\\/Alaska-Ranger-Ws-Jacket_-BlindTech-Invisible-II-1.jpg\",\"width\":600,\"height\":900},{\"@type\":\"BreadcrumbList\",\"@id\":\"https:\\\/\\\/huntingeurope.be\\\/fr\\\/produit\\\/alaska-ranger-veste-pour-femme-blindtech-invisible-ii\\\/#breadcrumb\",\"itemListElement\":[{\"@type\":\"ListItem\",\"position\":1,\"name\":\"Home\",\"item\":\"https:\\\/\\\/huntingeurope.be\\\/fr\\\/\"},{\"@type\":\"ListItem\",\"position\":2,\"name\":\"Produits\",\"item\":\"https:\\\/\\\/huntingeurope.be\\\/fr\\\/shop\\\/\"},{\"@type\":\"ListItem\",\"position\":3,\"name\":\"Alaska Ranger Veste pour Femme &#8211; BlindTech Invisible II\"}]},{\"@type\":\"WebSite\",\"@id\":\"https:\\\/\\\/huntingeurope.be\\\/fr\\\/?lang=en\\\/#website\",\"url\":\"https:\\\/\\\/huntingeurope.be\\\/fr\\\/?lang=en\\\/\",\"name\":\"Hunting Europe\",\"description\":\"Alles voor de jacht\",\"publisher\":{\"@id\":\"https:\\\/\\\/huntingeurope.be\\\/fr\\\/?lang=en\\\/#organization\"},\"potentialAction\":[{\"@type\":\"SearchAction\",\"target\":{\"@type\":\"EntryPoint\",\"urlTemplate\":\"https:\\\/\\\/huntingeurope.be\\\/fr\\\/?lang=en\\\/?s={search_term_string}\"},\"query-input\":{\"@type\":\"PropertyValueSpecification\",\"valueRequired\":true,\"valueName\":\"search_term_string\"}}],\"inLanguage\":\"fr-FR\"},{\"@type\":\"Organization\",\"@id\":\"https:\\\/\\\/huntingeurope.be\\\/fr\\\/?lang=en\\\/#organization\",\"name\":\"Hunting Europe\",\"url\":\"https:\\\/\\\/huntingeurope.be\\\/fr\\\/?lang=en\\\/\",\"logo\":{\"@type\":\"ImageObject\",\"inLanguage\":\"fr-FR\",\"@id\":\"https:\\\/\\\/huntingeurope.be\\\/fr\\\/?lang=en\\\/#\\\/schema\\\/logo\\\/image\\\/\",\"url\":\"https:\\\/\\\/huntingeurope.be\\\/wp-content\\\/uploads\\\/2021\\\/10\\\/Huntingeurope-1-1.png\",\"contentUrl\":\"https:\\\/\\\/huntingeurope.be\\\/wp-content\\\/uploads\\\/2021\\\/10\\\/Huntingeurope-1-1.png\",\"width\":280,\"height\":179,\"caption\":\"Hunting Europe\"},\"image\":{\"@id\":\"https:\\\/\\\/huntingeurope.be\\\/fr\\\/?lang=en\\\/#\\\/schema\\\/logo\\\/image\\\/\"},\"sameAs\":[\"https:\\\/\\\/www.facebook.com\\\/jachtwinkel.europe\\\/\",\"https:\\\/\\\/www.instagram.com\\\/huntingeurope\\\/\",\"https:\\\/\\\/www.youtube.com\\\/user\\\/NickolaySmet\\\/videos?view_as=subscriber\"]}]}<\/script>\n<!-- \/ Yoast SEO plugin. -->","yoast_head_json":{"title":"Alaska Ranger Veste pour Femme - BlindTech Invisible II - Hunting Europe","robots":{"index":"index","follow":"follow","max-snippet":"max-snippet:-1","max-image-preview":"max-image-preview:large","max-video-preview":"max-video-preview:-1"},"canonical":"https:\/\/huntingeurope.be\/fr\/produit\/alaska-ranger-veste-pour-femme-blindtech-invisible-ii\/","og_locale":"fr_FR","og_type":"article","og_title":"Alaska Ranger Veste pour Femme - BlindTech Invisible II - Hunting Europe","og_description":"La veste Alaska Ranger est une veste 3 saisons polyvalente et silencieuse, parfaite pour les journ\u00e9es de plein air venteuses et plus fra\u00eeches. Le mat\u00e9riau...","og_url":"https:\/\/huntingeurope.be\/fr\/produit\/alaska-ranger-veste-pour-femme-blindtech-invisible-ii\/","og_site_name":"Hunting Europe","article_publisher":"https:\/\/www.facebook.com\/jachtwinkel.europe\/","article_modified_time":"2021-10-28T10:23:42+00:00","og_image":[{"width":600,"height":900,"url":"https:\/\/huntingeurope.be\/wp-content\/uploads\/2021\/10\/Alaska-Ranger-Ws-Jacket_-BlindTech-Invisible-II-1.jpg","type":"image\/jpeg"}],"twitter_card":"summary_large_image","twitter_misc":{"Dur\u00e9e de lecture estim\u00e9e":"1 minute"},"schema":{"@context":"https:\/\/schema.org","@graph":[{"@type":"WebPage","@id":"https:\/\/huntingeurope.be\/fr\/produit\/alaska-ranger-veste-pour-femme-blindtech-invisible-ii\/","url":"https:\/\/huntingeurope.be\/fr\/produit\/alaska-ranger-veste-pour-femme-blindtech-invisible-ii\/","name":"Alaska Ranger Veste pour Femme - BlindTech Invisible II - Hunting Europe","isPartOf":{"@id":"https:\/\/huntingeurope.be\/fr\/?lang=en\/#website"},"primaryImageOfPage":{"@id":"https:\/\/huntingeurope.be\/fr\/produit\/alaska-ranger-veste-pour-femme-blindtech-invisible-ii\/#primaryimage"},"image":{"@id":"https:\/\/huntingeurope.be\/fr\/produit\/alaska-ranger-veste-pour-femme-blindtech-invisible-ii\/#primaryimage"},"thumbnailUrl":"https:\/\/huntingeurope.be\/wp-content\/uploads\/2021\/10\/Alaska-Ranger-Ws-Jacket_-BlindTech-Invisible-II-1.jpg","datePublished":"2021-10-27T11:33:34+00:00","dateModified":"2021-10-28T10:23:42+00:00","breadcrumb":{"@id":"https:\/\/huntingeurope.be\/fr\/produit\/alaska-ranger-veste-pour-femme-blindtech-invisible-ii\/#breadcrumb"},"inLanguage":"fr-FR","potentialAction":[{"@type":"ReadAction","target":["https:\/\/huntingeurope.be\/fr\/produit\/alaska-ranger-veste-pour-femme-blindtech-invisible-ii\/"]}]},{"@type":"ImageObject","inLanguage":"fr-FR","@id":"https:\/\/huntingeurope.be\/fr\/produit\/alaska-ranger-veste-pour-femme-blindtech-invisible-ii\/#primaryimage","url":"https:\/\/huntingeurope.be\/wp-content\/uploads\/2021\/10\/Alaska-Ranger-Ws-Jacket_-BlindTech-Invisible-II-1.jpg","contentUrl":"https:\/\/huntingeurope.be\/wp-content\/uploads\/2021\/10\/Alaska-Ranger-Ws-Jacket_-BlindTech-Invisible-II-1.jpg","width":600,"height":900},{"@type":"BreadcrumbList","@id":"https:\/\/huntingeurope.be\/fr\/produit\/alaska-ranger-veste-pour-femme-blindtech-invisible-ii\/#breadcrumb","itemListElement":[{"@type":"ListItem","position":1,"name":"Home","item":"https:\/\/huntingeurope.be\/fr\/"},{"@type":"ListItem","position":2,"name":"Produits","item":"https:\/\/huntingeurope.be\/fr\/shop\/"},{"@type":"ListItem","position":3,"name":"Alaska Ranger Veste pour Femme &#8211; BlindTech Invisible II"}]},{"@type":"WebSite","@id":"https:\/\/huntingeurope.be\/fr\/?lang=en\/#website","url":"https:\/\/huntingeurope.be\/fr\/?lang=en\/","name":"Hunting Europe","description":"Alles voor de jacht","publisher":{"@id":"https:\/\/huntingeurope.be\/fr\/?lang=en\/#organization"},"potentialAction":[{"@type":"SearchAction","target":{"@type":"EntryPoint","urlTemplate":"https:\/\/huntingeurope.be\/fr\/?lang=en\/?s={search_term_string}"},"query-input":{"@type":"PropertyValueSpecification","valueRequired":true,"valueName":"search_term_string"}}],"inLanguage":"fr-FR"},{"@type":"Organization","@id":"https:\/\/huntingeurope.be\/fr\/?lang=en\/#organization","name":"Hunting Europe","url":"https:\/\/huntingeurope.be\/fr\/?lang=en\/","logo":{"@type":"ImageObject","inLanguage":"fr-FR","@id":"https:\/\/huntingeurope.be\/fr\/?lang=en\/#\/schema\/logo\/image\/","url":"https:\/\/huntingeurope.be\/wp-content\/uploads\/2021\/10\/Huntingeurope-1-1.png","contentUrl":"https:\/\/huntingeurope.be\/wp-content\/uploads\/2021\/10\/Huntingeurope-1-1.png","width":280,"height":179,"caption":"Hunting Europe"},"image":{"@id":"https:\/\/huntingeurope.be\/fr\/?lang=en\/#\/schema\/logo\/image\/"},"sameAs":["https:\/\/www.facebook.com\/jachtwinkel.europe\/","https:\/\/www.instagram.com\/huntingeurope\/","https:\/\/www.youtube.com\/user\/NickolaySmet\/videos?view_as=subscriber"]}]}},"df_price":99.99,"df_sale_price":"","df_regular_price":99.99,"df_image_link":"https:\/\/huntingeurope.be\/wp-content\/uploads\/2021\/10\/Alaska-Ranger-Ws-Jacket_-BlindTech-Invisible-II-1-200x300.jpg","_links":{"self":[{"href":"https:\/\/huntingeurope.be\/fr\/wp-json\/wp\/v2\/product\/28052","targetHints":{"allow":["GET"]}}],"collection":[{"href":"https:\/\/huntingeurope.be\/fr\/wp-json\/wp\/v2\/product"}],"about":[{"href":"https:\/\/huntingeurope.be\/fr\/wp-json\/wp\/v2\/types\/product"}],"wp:featuredmedia":[{"embeddable":true,"href":"https:\/\/huntingeurope.be\/fr\/wp-json\/wp\/v2\/media\/20047"}],"wp:attachment":[{"href":"https:\/\/huntingeurope.be\/fr\/wp-json\/wp\/v2\/media?parent=28052"}],"wp:term":[{"taxonomy":"product_brand","embeddable":true,"href":"https:\/\/huntingeurope.be\/fr\/wp-json\/wp\/v2\/product_brand?post=28052"},{"taxonomy":"product_cat","embeddable":true,"href":"https:\/\/huntingeurope.be\/fr\/wp-json\/wp\/v2\/product_cat?post=28052"},{"taxonomy":"product_tag","embeddable":true,"href":"https:\/\/huntingeurope.be\/fr\/wp-json\/wp\/v2\/product_tag?post=28052"}],"curies":[{"name":"wp","href":"https:\/\/api.w.org\/{rel}","templated":true}]}}