{"id":25534,"date":"2021-10-27T12:49:04","date_gmt":"2021-10-28T07:54:25","guid":{"rendered":"https:\/\/huntingeurope.be\/?post_type=product&#038;p=25534"},"modified":"2022-07-05T13:37:26","modified_gmt":"2022-07-05T11:37:26","slug":"bac-de-gibier-souple","status":"publish","type":"product","link":"https:\/\/huntingeurope.be\/fr\/produit\/bac-de-gibier-souple\/","title":{"rendered":"Bac de gibier souple"},"content":{"rendered":"<p>Pour les personnes qui n&rsquo;ont pas de v\u00e9hicule tout-terrain, ou qui en ont un mais ne veulent pas le salir, c&rsquo;est la solution parfaite.<br \/>Ce bac souple en plastique est \u00e9tanch\u00e9it\u00e9, lavable et tr\u00e8s facile \u00e0 manipuler.<\/p>\n<p>Dimensions : (L x l x H) 90 x 50 x 30 cm<br \/>\u00c9quip\u00e9 de poign\u00e9es robustes<\/p>\n<p>Parfait pour des chevreuils, des daims et des faons de cerfs.<\/p>\n","protected":false},"excerpt":{"rendered":"<p><br data-mce-bogus=\"1\"><\/p>\n","protected":false},"featured_media":50553,"template":"","meta":{"_joinchat":[]},"product_brand":[],"product_cat":[516,517],"product_tag":[],"class_list":{"0":"post-25534","1":"product","2":"type-product","3":"status-publish","4":"has-post-thumbnail","6":"product_cat-battue-3","7":"product_cat-pirsh-et-affut","9":"first","10":"instock","11":"taxable","12":"shipping-taxable","13":"purchasable","14":"product-type-simple"},"yoast_head":"<!-- This site is optimized with the Yoast SEO plugin v27.4 - https:\/\/yoast.com\/product\/yoast-seo-wordpress\/ -->\n<title>Bac de gibier souple - Hunting Europe<\/title>\n<meta name=\"robots\" content=\"index, follow, max-snippet:-1, max-image-preview:large, max-video-preview:-1\" \/>\n<link rel=\"canonical\" href=\"https:\/\/huntingeurope.be\/fr\/produit\/bac-de-gibier-souple\/\" \/>\n<meta property=\"og:locale\" content=\"fr_FR\" \/>\n<meta property=\"og:type\" content=\"article\" \/>\n<meta property=\"og:title\" content=\"Bac de gibier souple - Hunting Europe\" \/>\n<meta property=\"og:url\" content=\"https:\/\/huntingeurope.be\/fr\/produit\/bac-de-gibier-souple\/\" \/>\n<meta property=\"og:site_name\" content=\"Hunting Europe\" \/>\n<meta property=\"article:publisher\" content=\"https:\/\/www.facebook.com\/jachtwinkel.europe\/\" \/>\n<meta property=\"article:modified_time\" content=\"2022-07-05T11:37:26+00:00\" \/>\n<meta name=\"twitter:card\" content=\"summary_large_image\" \/>\n<script type=\"application\/ld+json\" class=\"yoast-schema-graph\">{\"@context\":\"https:\\\/\\\/schema.org\",\"@graph\":[{\"@type\":\"WebPage\",\"@id\":\"https:\\\/\\\/huntingeurope.be\\\/fr\\\/produit\\\/bac-de-gibier-souple\\\/\",\"url\":\"https:\\\/\\\/huntingeurope.be\\\/fr\\\/produit\\\/bac-de-gibier-souple\\\/\",\"name\":\"Bac de gibier souple - Hunting Europe\",\"isPartOf\":{\"@id\":\"https:\\\/\\\/huntingeurope.be\\\/fr\\\/?lang=en\\\/#website\"},\"primaryImageOfPage\":{\"@id\":\"https:\\\/\\\/huntingeurope.be\\\/fr\\\/produit\\\/bac-de-gibier-souple\\\/#primaryimage\"},\"image\":{\"@id\":\"https:\\\/\\\/huntingeurope.be\\\/fr\\\/produit\\\/bac-de-gibier-souple\\\/#primaryimage\"},\"thumbnailUrl\":\"https:\\\/\\\/huntingeurope.be\\\/wp-content\\\/uploads\\\/2021\\\/10\\\/plooibare-wildbak.jpg\",\"datePublished\":\"2021-10-28T07:54:25+00:00\",\"dateModified\":\"2022-07-05T11:37:26+00:00\",\"breadcrumb\":{\"@id\":\"https:\\\/\\\/huntingeurope.be\\\/fr\\\/produit\\\/bac-de-gibier-souple\\\/#breadcrumb\"},\"inLanguage\":\"fr-FR\",\"potentialAction\":[{\"@type\":\"ReadAction\",\"target\":[\"https:\\\/\\\/huntingeurope.be\\\/fr\\\/produit\\\/bac-de-gibier-souple\\\/\"]}]},{\"@type\":\"ImageObject\",\"inLanguage\":\"fr-FR\",\"@id\":\"https:\\\/\\\/huntingeurope.be\\\/fr\\\/produit\\\/bac-de-gibier-souple\\\/#primaryimage\",\"url\":\"https:\\\/\\\/huntingeurope.be\\\/wp-content\\\/uploads\\\/2021\\\/10\\\/plooibare-wildbak.jpg\",\"contentUrl\":\"https:\\\/\\\/huntingeurope.be\\\/wp-content\\\/uploads\\\/2021\\\/10\\\/plooibare-wildbak.jpg\",\"width\":376,\"height\":282},{\"@type\":\"BreadcrumbList\",\"@id\":\"https:\\\/\\\/huntingeurope.be\\\/fr\\\/produit\\\/bac-de-gibier-souple\\\/#breadcrumb\",\"itemListElement\":[{\"@type\":\"ListItem\",\"position\":1,\"name\":\"Home\",\"item\":\"https:\\\/\\\/huntingeurope.be\\\/fr\\\/\"},{\"@type\":\"ListItem\",\"position\":2,\"name\":\"Produits\",\"item\":\"https:\\\/\\\/huntingeurope.be\\\/fr\\\/shop\\\/\"},{\"@type\":\"ListItem\",\"position\":3,\"name\":\"Bac de gibier souple\"}]},{\"@type\":\"WebSite\",\"@id\":\"https:\\\/\\\/huntingeurope.be\\\/fr\\\/?lang=en\\\/#website\",\"url\":\"https:\\\/\\\/huntingeurope.be\\\/fr\\\/?lang=en\\\/\",\"name\":\"Hunting Europe\",\"description\":\"Alles voor de jacht\",\"publisher\":{\"@id\":\"https:\\\/\\\/huntingeurope.be\\\/fr\\\/?lang=en\\\/#organization\"},\"potentialAction\":[{\"@type\":\"SearchAction\",\"target\":{\"@type\":\"EntryPoint\",\"urlTemplate\":\"https:\\\/\\\/huntingeurope.be\\\/fr\\\/?lang=en\\\/?s={search_term_string}\"},\"query-input\":{\"@type\":\"PropertyValueSpecification\",\"valueRequired\":true,\"valueName\":\"search_term_string\"}}],\"inLanguage\":\"fr-FR\"},{\"@type\":\"Organization\",\"@id\":\"https:\\\/\\\/huntingeurope.be\\\/fr\\\/?lang=en\\\/#organization\",\"name\":\"Hunting Europe\",\"url\":\"https:\\\/\\\/huntingeurope.be\\\/fr\\\/?lang=en\\\/\",\"logo\":{\"@type\":\"ImageObject\",\"inLanguage\":\"fr-FR\",\"@id\":\"https:\\\/\\\/huntingeurope.be\\\/fr\\\/?lang=en\\\/#\\\/schema\\\/logo\\\/image\\\/\",\"url\":\"https:\\\/\\\/huntingeurope.be\\\/wp-content\\\/uploads\\\/2021\\\/10\\\/Huntingeurope-1-1.png\",\"contentUrl\":\"https:\\\/\\\/huntingeurope.be\\\/wp-content\\\/uploads\\\/2021\\\/10\\\/Huntingeurope-1-1.png\",\"width\":280,\"height\":179,\"caption\":\"Hunting Europe\"},\"image\":{\"@id\":\"https:\\\/\\\/huntingeurope.be\\\/fr\\\/?lang=en\\\/#\\\/schema\\\/logo\\\/image\\\/\"},\"sameAs\":[\"https:\\\/\\\/www.facebook.com\\\/jachtwinkel.europe\\\/\",\"https:\\\/\\\/www.instagram.com\\\/huntingeurope\\\/\",\"https:\\\/\\\/www.youtube.com\\\/user\\\/NickolaySmet\\\/videos?view_as=subscriber\"]}]}<\/script>\n<!-- \/ Yoast SEO plugin. -->","yoast_head_json":{"title":"Bac de gibier souple - Hunting Europe","robots":{"index":"index","follow":"follow","max-snippet":"max-snippet:-1","max-image-preview":"max-image-preview:large","max-video-preview":"max-video-preview:-1"},"canonical":"https:\/\/huntingeurope.be\/fr\/produit\/bac-de-gibier-souple\/","og_locale":"fr_FR","og_type":"article","og_title":"Bac de gibier souple - Hunting Europe","og_url":"https:\/\/huntingeurope.be\/fr\/produit\/bac-de-gibier-souple\/","og_site_name":"Hunting Europe","article_publisher":"https:\/\/www.facebook.com\/jachtwinkel.europe\/","article_modified_time":"2022-07-05T11:37:26+00:00","twitter_card":"summary_large_image","schema":{"@context":"https:\/\/schema.org","@graph":[{"@type":"WebPage","@id":"https:\/\/huntingeurope.be\/fr\/produit\/bac-de-gibier-souple\/","url":"https:\/\/huntingeurope.be\/fr\/produit\/bac-de-gibier-souple\/","name":"Bac de gibier souple - Hunting Europe","isPartOf":{"@id":"https:\/\/huntingeurope.be\/fr\/?lang=en\/#website"},"primaryImageOfPage":{"@id":"https:\/\/huntingeurope.be\/fr\/produit\/bac-de-gibier-souple\/#primaryimage"},"image":{"@id":"https:\/\/huntingeurope.be\/fr\/produit\/bac-de-gibier-souple\/#primaryimage"},"thumbnailUrl":"https:\/\/huntingeurope.be\/wp-content\/uploads\/2021\/10\/plooibare-wildbak.jpg","datePublished":"2021-10-28T07:54:25+00:00","dateModified":"2022-07-05T11:37:26+00:00","breadcrumb":{"@id":"https:\/\/huntingeurope.be\/fr\/produit\/bac-de-gibier-souple\/#breadcrumb"},"inLanguage":"fr-FR","potentialAction":[{"@type":"ReadAction","target":["https:\/\/huntingeurope.be\/fr\/produit\/bac-de-gibier-souple\/"]}]},{"@type":"ImageObject","inLanguage":"fr-FR","@id":"https:\/\/huntingeurope.be\/fr\/produit\/bac-de-gibier-souple\/#primaryimage","url":"https:\/\/huntingeurope.be\/wp-content\/uploads\/2021\/10\/plooibare-wildbak.jpg","contentUrl":"https:\/\/huntingeurope.be\/wp-content\/uploads\/2021\/10\/plooibare-wildbak.jpg","width":376,"height":282},{"@type":"BreadcrumbList","@id":"https:\/\/huntingeurope.be\/fr\/produit\/bac-de-gibier-souple\/#breadcrumb","itemListElement":[{"@type":"ListItem","position":1,"name":"Home","item":"https:\/\/huntingeurope.be\/fr\/"},{"@type":"ListItem","position":2,"name":"Produits","item":"https:\/\/huntingeurope.be\/fr\/shop\/"},{"@type":"ListItem","position":3,"name":"Bac de gibier souple"}]},{"@type":"WebSite","@id":"https:\/\/huntingeurope.be\/fr\/?lang=en\/#website","url":"https:\/\/huntingeurope.be\/fr\/?lang=en\/","name":"Hunting Europe","description":"Alles voor de jacht","publisher":{"@id":"https:\/\/huntingeurope.be\/fr\/?lang=en\/#organization"},"potentialAction":[{"@type":"SearchAction","target":{"@type":"EntryPoint","urlTemplate":"https:\/\/huntingeurope.be\/fr\/?lang=en\/?s={search_term_string}"},"query-input":{"@type":"PropertyValueSpecification","valueRequired":true,"valueName":"search_term_string"}}],"inLanguage":"fr-FR"},{"@type":"Organization","@id":"https:\/\/huntingeurope.be\/fr\/?lang=en\/#organization","name":"Hunting Europe","url":"https:\/\/huntingeurope.be\/fr\/?lang=en\/","logo":{"@type":"ImageObject","inLanguage":"fr-FR","@id":"https:\/\/huntingeurope.be\/fr\/?lang=en\/#\/schema\/logo\/image\/","url":"https:\/\/huntingeurope.be\/wp-content\/uploads\/2021\/10\/Huntingeurope-1-1.png","contentUrl":"https:\/\/huntingeurope.be\/wp-content\/uploads\/2021\/10\/Huntingeurope-1-1.png","width":280,"height":179,"caption":"Hunting Europe"},"image":{"@id":"https:\/\/huntingeurope.be\/fr\/?lang=en\/#\/schema\/logo\/image\/"},"sameAs":["https:\/\/www.facebook.com\/jachtwinkel.europe\/","https:\/\/www.instagram.com\/huntingeurope\/","https:\/\/www.youtube.com\/user\/NickolaySmet\/videos?view_as=subscriber"]}]}},"df_price":114.95,"df_sale_price":"","df_regular_price":114.95,"df_image_link":"https:\/\/huntingeurope.be\/wp-content\/uploads\/2021\/10\/plooibare-wildbak-300x225.jpg","_links":{"self":[{"href":"https:\/\/huntingeurope.be\/fr\/wp-json\/wp\/v2\/product\/25534","targetHints":{"allow":["GET"]}}],"collection":[{"href":"https:\/\/huntingeurope.be\/fr\/wp-json\/wp\/v2\/product"}],"about":[{"href":"https:\/\/huntingeurope.be\/fr\/wp-json\/wp\/v2\/types\/product"}],"wp:featuredmedia":[{"embeddable":true,"href":"https:\/\/huntingeurope.be\/fr\/wp-json\/wp\/v2\/media\/50553"}],"wp:attachment":[{"href":"https:\/\/huntingeurope.be\/fr\/wp-json\/wp\/v2\/media?parent=25534"}],"wp:term":[{"taxonomy":"product_brand","embeddable":true,"href":"https:\/\/huntingeurope.be\/fr\/wp-json\/wp\/v2\/product_brand?post=25534"},{"taxonomy":"product_cat","embeddable":true,"href":"https:\/\/huntingeurope.be\/fr\/wp-json\/wp\/v2\/product_cat?post=25534"},{"taxonomy":"product_tag","embeddable":true,"href":"https:\/\/huntingeurope.be\/fr\/wp-json\/wp\/v2\/product_tag?post=25534"}],"curies":[{"name":"wp","href":"https:\/\/api.w.org\/{rel}","templated":true}]}}