{"id":33592,"date":"2021-11-04T18:25:12","date_gmt":"2021-11-04T17:25:12","guid":{"rendered":"https:\/\/huntingeurope.be\/product\/zeiss-dti-3-35-thermal-imaging-scope\/"},"modified":"2023-10-21T20:23:18","modified_gmt":"2023-10-21T18:23:18","slug":"zeiss-dti-3-35-thermal-imaging-scope","status":"publish","type":"product","link":"https:\/\/huntingeurope.be\/en\/product\/zeiss-dti-3-35-thermal-imaging-scope\/","title":{"rendered":"Zeiss DTI 3\/35 Thermal imaging scope GEN 2"},"content":{"rendered":"<p><iframe loading=\"lazy\" title=\"ZEISS DTI 3 Thermal Imaging Cameras\" width=\"1080\" height=\"608\" src=\"https:\/\/www.youtube.com\/embed\/604f-CvNhsw?feature=oembed&#038;enablejsapi=1&#038;origin=https:\/\/huntingeurope.be\" frameborder=\"0\" allow=\"accelerometer; autoplay; clipboard-write; encrypted-media; gyroscope; picture-in-picture; web-share\" allowfullscreen><\/iframe><\/p>\n<div class=\"headline section grid-container grid-container-padded\">\n<header class=\"grid-x grid-padding-x spacing-element small-spacing-none\">\n<div class=\"cell small-12\">\n<h3 class=\"h3 text-white\">Connectivity with Hunting App<\/h3>\n<\/div>\n<\/header>\n<\/div>\n<div class=\"section text grid-container grid-container-padded\">\n<div class=\"text-wrap grid-x grid-padding-x spacing-element small-spacing-none\">\n<div class=\"cell small-12 text-rte text-white \">\n<p>Nature behaves very differently in the dark than in the daylight. This means you can observe fascinating moments that are so unique, you want to save them and share them with others. Using the ZEISS Hunting App, hunters can transfer data from the DTI 3 directly to a smartphone via WLAN and even share their nighttime hunting adventures.<\/p>\n<\/div>\n<\/div>\n<\/div>\n<div class=\"headline section grid-container grid-container-padded\">\n<header class=\"grid-x grid-padding-x spacing-element small-spacing-none\">\n<div class=\"cell small-12\">\n<h3 class=\"h3 text-white\">Extra Long Battery Life<\/h3>\n<\/div>\n<\/header>\n<\/div>\n<div class=\"section text grid-container grid-container-padded\">\n<div class=\"text-wrap grid-x grid-padding-x spacing-element small-spacing-none\">\n<div class=\"cell small-12 text-rte text-white \">\n<p>When out hunting, the nearest power source is often far away. Hunters usually need extra batteries or portable chargers to make sure they don\u2019t run out of power \u2013 which means extra weight and equipment to keep in mind. With an impressively long battery life of 10 hours, the DTI 3 models will hold enough charge for two to four hunts. This gives hunters the peace of mind knowing that they have enough power, even if the DTI is not fully charged.<\/p>\n<\/div>\n<\/div>\n<\/div>\n<div class=\"cell medium-12 large-6 small-order-2 spacing-element small-spacing-none medium-\u00fcbernommen large-\u00fcbernommen xlarge-\u00fcbernommen\">\n<div class=\"section group\">\n<div>\n<div class=\"producttechnicaldata section\">\n<div class=\"headline section grid-container grid-container-padded\">\n<header class=\"grid-x grid-padding-x spacing-element small-spacing-s\">\n<div class=\"cell small-12\">\n<h4 class=\"h4 \">Performance<\/h4>\n<\/div>\n<\/header>\n<\/div>\n<div class=\"table table-spacing \">\n<div class=\"section table\">\n<div class=\"table table-spacing spacing-element\">\n<div class=\"table-wrapper text-rte\">\n<table class=\"responsive\" width=\"100%\" cellspacing=\"0\" cellpadding=\"1\">\n<tbody>\n<tr>\n<td class=\" text\" width=\"50%\">Focal length<\/td>\n<td class=\" text\" width=\"50%\">35 mm<\/td>\n<\/tr>\n<tr>\n<td class=\" text\" width=\"50%\">Aperture<\/td>\n<td class=\" text\" width=\"50%\">f\/1.0<\/td>\n<\/tr>\n<tr>\n<td class=\" text\" width=\"50%\">Sensor resolution<\/td>\n<td class=\" text\" width=\"50%\">384 x 288<\/td>\n<\/tr>\n<tr>\n<td class=\" text\" width=\"50%\">Thermal sensitivity (NETD)<\/td>\n<td class=\" text\" width=\"50%\">\u226450mk<\/td>\n<\/tr>\n<tr>\n<td class=\" text\" width=\"50%\">Display resolution<\/td>\n<td class=\" text\" width=\"50%\">1280 x 960<\/td>\n<\/tr>\n<tr>\n<td class=\" text\" width=\"50%\">Display frame rate<\/td>\n<td class=\" text\" width=\"50%\">50 Hz<\/td>\n<\/tr>\n<tr>\n<td class=\" text\" width=\"50%\">Display type<\/td>\n<td class=\" text\" width=\"50%\">LCOS<\/td>\n<\/tr>\n<tr>\n<td class=\" text\" width=\"50%\">Range<\/td>\n<td class=\" text\" width=\"50%\">1235 m (1350 yd)<\/td>\n<\/tr>\n<tr>\n<td class=\" text\" width=\"50%\">Field of view of the ocular<\/td>\n<td class=\" text\" width=\"50%\">30,25\u00b0<\/td>\n<\/tr>\n<tr>\n<td class=\" text\" width=\"50%\">Field of view at 100 m (yds)<\/td>\n<td class=\" text\" width=\"50%\">19 m (57 ft)<\/td>\n<\/tr>\n<tr>\n<td class=\" text\" width=\"50%\">Optical magnification<\/td>\n<td class=\" text\" width=\"50%\">2,5<\/td>\n<\/tr>\n<tr>\n<td class=\" text\" width=\"50%\">Maximum digital zoom<\/td>\n<td class=\" text\" width=\"50%\">4x<\/td>\n<\/tr>\n<tr>\n<td class=\" text\" width=\"50%\">Zoom steps (in 0.5x)<\/td>\n<td class=\" text\" width=\"50%\">1.0x \u2013 4.0x<\/td>\n<\/tr>\n<\/tbody>\n<\/table>\n<\/div>\n<\/div>\n<\/div>\n<\/div>\n<\/div>\n<div class=\"section distance\">\n<div class=\"spacing-element small-spacing-m medium-spacing-l large-spacing-none xlarge-spacing-none\"><\/div>\n<\/div>\n<\/div>\n<\/div>\n<\/div>\n<div class=\"cell medium-12 large-6 small-order-2 spacing-element small-spacing-none medium-\u00fcbernommen large-\u00fcbernommen xlarge-\u00fcbernommen\">\n<div class=\"section group\">\n<div>\n<div class=\"producttechnicaldata section\">\n<div class=\"headline section grid-container grid-container-padded\">\n<header class=\"grid-x grid-padding-x spacing-element small-spacing-s\">\n<div class=\"cell small-12\">\n<h4 class=\"h4 \">Features<\/h4>\n<\/div>\n<\/header>\n<\/div>\n<div class=\"table table-spacing \">\n<div class=\"section table\">\n<div class=\"table table-spacing spacing-element\">\n<div class=\"table-wrapper text-rte\">\n<table class=\"responsive\" width=\"100%\" cellspacing=\"0\" cellpadding=\"1\">\n<tbody>\n<tr>\n<td class=\" text\" width=\"50%\">Battery type<\/td>\n<td class=\" text\" width=\"50%\">Li-Ion<\/td>\n<\/tr>\n<tr>\n<td class=\" text\" width=\"50%\">Battery run time<\/td>\n<td class=\" text\" width=\"50%\">10 h<\/td>\n<\/tr>\n<tr>\n<td class=\" text\" width=\"50%\">Internal storage<\/td>\n<td class=\" text\" width=\"50%\">15 GB<\/td>\n<\/tr>\n<tr>\n<td class=\" text\" width=\"50%\">Livestream function (Video &amp; Photo)<\/td>\n<td class=\" text\" width=\"50%\">+<\/td>\n<\/tr>\n<tr>\n<td class=\" text\" width=\"50%\">Resolution (Video &amp; Photo)<\/td>\n<td class=\" text\" width=\"50%\">384 x 288<\/td>\n<\/tr>\n<tr>\n<td class=\" text\" width=\"50%\">WLAN Frequency<\/td>\n<td class=\" text\" width=\"50%\">2.4 Ghz<\/td>\n<\/tr>\n<tr>\n<td class=\" text\" width=\"50%\">WLAN Standard<\/td>\n<td class=\" text\" width=\"50%\">IEEE 802.11 b\/g\/n<\/td>\n<\/tr>\n<\/tbody>\n<\/table>\n<\/div>\n<\/div>\n<\/div>\n<\/div>\n<\/div>\n<div class=\"section distance\">\n<div class=\"spacing-element small-spacing-m medium-spacing-l large-spacing-l xlarge-spacing-l\"><\/div>\n<\/div>\n<div class=\"producttechnicaldata section\">\n<div class=\"headline section grid-container grid-container-padded\">\n<header class=\"grid-x grid-padding-x spacing-element small-spacing-s\">\n<div class=\"cell small-12\">\n<h4 class=\"h4 \">Physical<\/h4>\n<\/div>\n<\/header>\n<\/div>\n<div class=\"table table-spacing \">\n<div class=\"section table\">\n<div class=\"table table-spacing spacing-element\">\n<div class=\"table-wrapper text-rte\">\n<table class=\"responsive\" width=\"100%\" cellspacing=\"0\" cellpadding=\"1\">\n<tbody>\n<tr>\n<td class=\" text\" width=\"50%\">Operating temperature<\/td>\n<td class=\" text\" width=\"50%\">\u2212 10\u00b0C | + 40\u00b0C (+ 14 \u00b0F | + 104\u00b0F)<\/td>\n<\/tr>\n<tr>\n<td class=\" text\" width=\"50%\">Length x Width x Height<\/td>\n<td class=\" text\" width=\"50%\">193 x 60 x 65 mm (7.6 x 2.4 x 2.6&#8243;)<\/td>\n<\/tr>\n<tr>\n<td class=\" text\" width=\"50%\">Weight<\/td>\n<td class=\" text\" width=\"50%\">420 g (0.92 lbs)<\/td>\n<\/tr>\n<\/tbody>\n<\/table>\n<\/div>\n<\/div>\n<\/div>\n<\/div>\n<\/div>\n<\/div>\n<\/div>\n<\/div>\n","protected":false},"excerpt":{"rendered":"<p>Going hunting at night is a special challenge, as your vital sense of sight is severely impaired and the risk of not being successful or even making a wrong decision is high. The nighttime and dusk play an important role for hunters, especially when it comes to hunting wild boars.<\/p>\n<p>The DTI 3 family of thermal imaging cameras are specifically designed for hunting. Thanks to an ergonomic design and a high-resolution HD LCOS display that delivers detailed images even in the darkness and at night. ZEISS offers a specialized solution suitable for even the most difficult lighting conditions, developed by hunting experts especially for hunting at night.<\/p>\n<p>Whether for observing and tracking or to more quickly and accurately identify game, this high-quality thermal imaging system ensures that hunters can precisely recognize details even at distances of more than 1,200 meters. As a result, the ZEISS DTI 3\/35 gives hunters a considerable advantage when stalking at night or when hunting over long distances from a raised hide in a field.<\/p>\n<p><strong>Delivery: 1 week<\/strong><\/p>\n<p>Warranty: 3 years<\/p>\n<p><strong>You can always test all our thermal imaging cameras in our showroom. Don&#8217;t hesitate to call us 24\/7! +32 493 52 32 10<\/strong><\/p>\n","protected":false},"featured_media":50040,"template":"","meta":{"_joinchat":[]},"product_brand":[],"product_cat":[515],"product_tag":[],"class_list":{"0":"post-33592","1":"product","2":"type-product","3":"status-publish","4":"has-post-thumbnail","6":"product_cat-thermal-imaging-cameras","8":"first","9":"outofstock","10":"taxable","11":"shipping-taxable","12":"purchasable","13":"product-type-simple"},"yoast_head":"<!-- This site is optimized with the Yoast SEO plugin v27.5 - https:\/\/yoast.com\/product\/yoast-seo-wordpress\/ -->\n<title>Zeiss DTI 3\/35 Thermal imaging scope GEN 2 - Hunting Europe<\/title>\n<meta name=\"robots\" content=\"index, follow, max-snippet:-1, max-image-preview:large, max-video-preview:-1\" \/>\n<link rel=\"canonical\" href=\"https:\/\/huntingeurope.be\/en\/product\/zeiss-dti-3-35-thermal-imaging-scope\/\" \/>\n<meta property=\"og:locale\" content=\"en_US\" \/>\n<meta property=\"og:type\" content=\"article\" \/>\n<meta property=\"og:title\" content=\"Zeiss DTI 3\/35 Thermal imaging scope GEN 2 - Hunting Europe\" \/>\n<meta property=\"og:description\" content=\"Going hunting at night is a special challenge, as your vital sense of sight is severely impaired and the risk of not being successful or even making a wrong decision is high. The nighttime and dusk play an important role for hunters, especially when it comes to hunting wild boars.  The DTI 3 family of thermal imaging cameras are specifically designed for hunting. Thanks to an ergonomic design and a high-resolution HD LCOS display that delivers detailed images even in the darkness and at night. ZEISS offers a specialized solution suitable for even the most difficult lighting conditions, developed by hunting experts especially for hunting at night.  Whether for observing and tracking or to more quickly and accurately identify game, this high-quality thermal imaging system ensures that hunters can precisely recognize details even at distances of more than 1,200 meters. As a result, the ZEISS DTI 3\/35 gives hunters a considerable advantage when stalking at night or when hunting over long distances from a raised hide in a field.  Delivery: 1 week  Warranty: 3 years  You can always test all our thermal imaging cameras in our showroom. Don&#039;t hesitate to call us 24\/7! +32 493 52 32 10\" \/>\n<meta property=\"og:url\" content=\"https:\/\/huntingeurope.be\/en\/product\/zeiss-dti-3-35-thermal-imaging-scope\/\" \/>\n<meta property=\"og:site_name\" content=\"Hunting Europe\" \/>\n<meta property=\"article:publisher\" content=\"https:\/\/www.facebook.com\/jachtwinkel.europe\/\" \/>\n<meta property=\"article:modified_time\" content=\"2023-10-21T18:23:18+00:00\" \/>\n<meta property=\"og:image\" content=\"https:\/\/huntingeurope.be\/wp-content\/uploads\/2021\/11\/Zeiss-DTI-3-35-7.jpg\" \/>\n\t<meta property=\"og:image:width\" content=\"832\" \/>\n\t<meta property=\"og:image:height\" content=\"555\" \/>\n\t<meta property=\"og:image:type\" content=\"image\/jpeg\" \/>\n<meta name=\"twitter:card\" content=\"summary_large_image\" \/>\n<meta name=\"twitter:label1\" content=\"Est. reading time\" \/>\n\t<meta name=\"twitter:data1\" content=\"2 minutes\" \/>\n<script type=\"application\/ld+json\" class=\"yoast-schema-graph\">{\"@context\":\"https:\\\/\\\/schema.org\",\"@graph\":[{\"@type\":\"WebPage\",\"@id\":\"https:\\\/\\\/huntingeurope.be\\\/en\\\/product\\\/zeiss-dti-3-35-thermal-imaging-scope\\\/\",\"url\":\"https:\\\/\\\/huntingeurope.be\\\/en\\\/product\\\/zeiss-dti-3-35-thermal-imaging-scope\\\/\",\"name\":\"Zeiss DTI 3\\\/35 Thermal imaging scope GEN 2 - Hunting Europe\",\"isPartOf\":{\"@id\":\"https:\\\/\\\/huntingeurope.be\\\/en\\\/?lang=en\\\/#website\"},\"primaryImageOfPage\":{\"@id\":\"https:\\\/\\\/huntingeurope.be\\\/en\\\/product\\\/zeiss-dti-3-35-thermal-imaging-scope\\\/#primaryimage\"},\"image\":{\"@id\":\"https:\\\/\\\/huntingeurope.be\\\/en\\\/product\\\/zeiss-dti-3-35-thermal-imaging-scope\\\/#primaryimage\"},\"thumbnailUrl\":\"https:\\\/\\\/huntingeurope.be\\\/wp-content\\\/uploads\\\/2021\\\/11\\\/zeiss-dti-335-product-01.ts-1687267636293.avif\",\"datePublished\":\"2021-11-04T17:25:12+00:00\",\"dateModified\":\"2023-10-21T18:23:18+00:00\",\"breadcrumb\":{\"@id\":\"https:\\\/\\\/huntingeurope.be\\\/en\\\/product\\\/zeiss-dti-3-35-thermal-imaging-scope\\\/#breadcrumb\"},\"inLanguage\":\"en-US\",\"potentialAction\":[{\"@type\":\"ReadAction\",\"target\":[\"https:\\\/\\\/huntingeurope.be\\\/en\\\/product\\\/zeiss-dti-3-35-thermal-imaging-scope\\\/\"]}]},{\"@type\":\"ImageObject\",\"inLanguage\":\"en-US\",\"@id\":\"https:\\\/\\\/huntingeurope.be\\\/en\\\/product\\\/zeiss-dti-3-35-thermal-imaging-scope\\\/#primaryimage\",\"url\":\"https:\\\/\\\/huntingeurope.be\\\/wp-content\\\/uploads\\\/2021\\\/11\\\/zeiss-dti-335-product-01.ts-1687267636293.avif\",\"contentUrl\":\"https:\\\/\\\/huntingeurope.be\\\/wp-content\\\/uploads\\\/2021\\\/11\\\/zeiss-dti-335-product-01.ts-1687267636293.avif\",\"width\":640,\"height\":427},{\"@type\":\"BreadcrumbList\",\"@id\":\"https:\\\/\\\/huntingeurope.be\\\/en\\\/product\\\/zeiss-dti-3-35-thermal-imaging-scope\\\/#breadcrumb\",\"itemListElement\":[{\"@type\":\"ListItem\",\"position\":1,\"name\":\"Home\",\"item\":\"https:\\\/\\\/huntingeurope.be\\\/en\\\/\"},{\"@type\":\"ListItem\",\"position\":2,\"name\":\"Products\",\"item\":\"https:\\\/\\\/huntingeurope.be\\\/en\\\/shop\\\/\"},{\"@type\":\"ListItem\",\"position\":3,\"name\":\"Zeiss DTI 3\\\/35 Thermal imaging scope GEN 2\"}]},{\"@type\":\"WebSite\",\"@id\":\"https:\\\/\\\/huntingeurope.be\\\/en\\\/?lang=en\\\/#website\",\"url\":\"https:\\\/\\\/huntingeurope.be\\\/en\\\/?lang=en\\\/\",\"name\":\"Hunting Europe\",\"description\":\"Alles voor de jacht\",\"publisher\":{\"@id\":\"https:\\\/\\\/huntingeurope.be\\\/en\\\/?lang=en\\\/#organization\"},\"potentialAction\":[{\"@type\":\"SearchAction\",\"target\":{\"@type\":\"EntryPoint\",\"urlTemplate\":\"https:\\\/\\\/huntingeurope.be\\\/en\\\/?lang=en\\\/?s={search_term_string}\"},\"query-input\":{\"@type\":\"PropertyValueSpecification\",\"valueRequired\":true,\"valueName\":\"search_term_string\"}}],\"inLanguage\":\"en-US\"},{\"@type\":\"Organization\",\"@id\":\"https:\\\/\\\/huntingeurope.be\\\/en\\\/?lang=en\\\/#organization\",\"name\":\"Hunting Europe\",\"url\":\"https:\\\/\\\/huntingeurope.be\\\/en\\\/?lang=en\\\/\",\"logo\":{\"@type\":\"ImageObject\",\"inLanguage\":\"en-US\",\"@id\":\"https:\\\/\\\/huntingeurope.be\\\/en\\\/?lang=en\\\/#\\\/schema\\\/logo\\\/image\\\/\",\"url\":\"https:\\\/\\\/huntingeurope.be\\\/wp-content\\\/uploads\\\/2021\\\/10\\\/Huntingeurope-1-1.png\",\"contentUrl\":\"https:\\\/\\\/huntingeurope.be\\\/wp-content\\\/uploads\\\/2021\\\/10\\\/Huntingeurope-1-1.png\",\"width\":280,\"height\":179,\"caption\":\"Hunting Europe\"},\"image\":{\"@id\":\"https:\\\/\\\/huntingeurope.be\\\/en\\\/?lang=en\\\/#\\\/schema\\\/logo\\\/image\\\/\"},\"sameAs\":[\"https:\\\/\\\/www.facebook.com\\\/jachtwinkel.europe\\\/\",\"https:\\\/\\\/www.instagram.com\\\/huntingeurope\\\/\",\"https:\\\/\\\/www.youtube.com\\\/user\\\/NickolaySmet\\\/videos?view_as=subscriber\"]}]}<\/script>\n<!-- \/ Yoast SEO plugin. -->","yoast_head_json":{"title":"Zeiss DTI 3\/35 Thermal imaging scope GEN 2 - Hunting Europe","robots":{"index":"index","follow":"follow","max-snippet":"max-snippet:-1","max-image-preview":"max-image-preview:large","max-video-preview":"max-video-preview:-1"},"canonical":"https:\/\/huntingeurope.be\/en\/product\/zeiss-dti-3-35-thermal-imaging-scope\/","og_locale":"en_US","og_type":"article","og_title":"Zeiss DTI 3\/35 Thermal imaging scope GEN 2 - Hunting Europe","og_description":"Going hunting at night is a special challenge, as your vital sense of sight is severely impaired and the risk of not being successful or even making a wrong decision is high. The nighttime and dusk play an important role for hunters, especially when it comes to hunting wild boars.  The DTI 3 family of thermal imaging cameras are specifically designed for hunting. Thanks to an ergonomic design and a high-resolution HD LCOS display that delivers detailed images even in the darkness and at night. ZEISS offers a specialized solution suitable for even the most difficult lighting conditions, developed by hunting experts especially for hunting at night.  Whether for observing and tracking or to more quickly and accurately identify game, this high-quality thermal imaging system ensures that hunters can precisely recognize details even at distances of more than 1,200 meters. As a result, the ZEISS DTI 3\/35 gives hunters a considerable advantage when stalking at night or when hunting over long distances from a raised hide in a field.  Delivery: 1 week  Warranty: 3 years  You can always test all our thermal imaging cameras in our showroom. Don't hesitate to call us 24\/7! +32 493 52 32 10","og_url":"https:\/\/huntingeurope.be\/en\/product\/zeiss-dti-3-35-thermal-imaging-scope\/","og_site_name":"Hunting Europe","article_publisher":"https:\/\/www.facebook.com\/jachtwinkel.europe\/","article_modified_time":"2023-10-21T18:23:18+00:00","og_image":[{"width":832,"height":555,"url":"https:\/\/huntingeurope.be\/wp-content\/uploads\/2021\/11\/Zeiss-DTI-3-35-7.jpg","type":"image\/jpeg"}],"twitter_card":"summary_large_image","twitter_misc":{"Est. reading time":"2 minutes"},"schema":{"@context":"https:\/\/schema.org","@graph":[{"@type":"WebPage","@id":"https:\/\/huntingeurope.be\/en\/product\/zeiss-dti-3-35-thermal-imaging-scope\/","url":"https:\/\/huntingeurope.be\/en\/product\/zeiss-dti-3-35-thermal-imaging-scope\/","name":"Zeiss DTI 3\/35 Thermal imaging scope GEN 2 - Hunting Europe","isPartOf":{"@id":"https:\/\/huntingeurope.be\/en\/?lang=en\/#website"},"primaryImageOfPage":{"@id":"https:\/\/huntingeurope.be\/en\/product\/zeiss-dti-3-35-thermal-imaging-scope\/#primaryimage"},"image":{"@id":"https:\/\/huntingeurope.be\/en\/product\/zeiss-dti-3-35-thermal-imaging-scope\/#primaryimage"},"thumbnailUrl":"https:\/\/huntingeurope.be\/wp-content\/uploads\/2021\/11\/zeiss-dti-335-product-01.ts-1687267636293.avif","datePublished":"2021-11-04T17:25:12+00:00","dateModified":"2023-10-21T18:23:18+00:00","breadcrumb":{"@id":"https:\/\/huntingeurope.be\/en\/product\/zeiss-dti-3-35-thermal-imaging-scope\/#breadcrumb"},"inLanguage":"en-US","potentialAction":[{"@type":"ReadAction","target":["https:\/\/huntingeurope.be\/en\/product\/zeiss-dti-3-35-thermal-imaging-scope\/"]}]},{"@type":"ImageObject","inLanguage":"en-US","@id":"https:\/\/huntingeurope.be\/en\/product\/zeiss-dti-3-35-thermal-imaging-scope\/#primaryimage","url":"https:\/\/huntingeurope.be\/wp-content\/uploads\/2021\/11\/zeiss-dti-335-product-01.ts-1687267636293.avif","contentUrl":"https:\/\/huntingeurope.be\/wp-content\/uploads\/2021\/11\/zeiss-dti-335-product-01.ts-1687267636293.avif","width":640,"height":427},{"@type":"BreadcrumbList","@id":"https:\/\/huntingeurope.be\/en\/product\/zeiss-dti-3-35-thermal-imaging-scope\/#breadcrumb","itemListElement":[{"@type":"ListItem","position":1,"name":"Home","item":"https:\/\/huntingeurope.be\/en\/"},{"@type":"ListItem","position":2,"name":"Products","item":"https:\/\/huntingeurope.be\/en\/shop\/"},{"@type":"ListItem","position":3,"name":"Zeiss DTI 3\/35 Thermal imaging scope GEN 2"}]},{"@type":"WebSite","@id":"https:\/\/huntingeurope.be\/en\/?lang=en\/#website","url":"https:\/\/huntingeurope.be\/en\/?lang=en\/","name":"Hunting Europe","description":"Alles voor de jacht","publisher":{"@id":"https:\/\/huntingeurope.be\/en\/?lang=en\/#organization"},"potentialAction":[{"@type":"SearchAction","target":{"@type":"EntryPoint","urlTemplate":"https:\/\/huntingeurope.be\/en\/?lang=en\/?s={search_term_string}"},"query-input":{"@type":"PropertyValueSpecification","valueRequired":true,"valueName":"search_term_string"}}],"inLanguage":"en-US"},{"@type":"Organization","@id":"https:\/\/huntingeurope.be\/en\/?lang=en\/#organization","name":"Hunting Europe","url":"https:\/\/huntingeurope.be\/en\/?lang=en\/","logo":{"@type":"ImageObject","inLanguage":"en-US","@id":"https:\/\/huntingeurope.be\/en\/?lang=en\/#\/schema\/logo\/image\/","url":"https:\/\/huntingeurope.be\/wp-content\/uploads\/2021\/10\/Huntingeurope-1-1.png","contentUrl":"https:\/\/huntingeurope.be\/wp-content\/uploads\/2021\/10\/Huntingeurope-1-1.png","width":280,"height":179,"caption":"Hunting Europe"},"image":{"@id":"https:\/\/huntingeurope.be\/en\/?lang=en\/#\/schema\/logo\/image\/"},"sameAs":["https:\/\/www.facebook.com\/jachtwinkel.europe\/","https:\/\/www.instagram.com\/huntingeurope\/","https:\/\/www.youtube.com\/user\/NickolaySmet\/videos?view_as=subscriber"]}]}},"df_price":2550,"df_sale_price":"","df_regular_price":2550,"df_image_link":"https:\/\/huntingeurope.be\/wp-content\/uploads\/2021\/11\/zeiss-dti-335-product-01.ts-1687267636293-300x200.avif","_links":{"self":[{"href":"https:\/\/huntingeurope.be\/en\/wp-json\/wp\/v2\/product\/33592","targetHints":{"allow":["GET"]}}],"collection":[{"href":"https:\/\/huntingeurope.be\/en\/wp-json\/wp\/v2\/product"}],"about":[{"href":"https:\/\/huntingeurope.be\/en\/wp-json\/wp\/v2\/types\/product"}],"wp:featuredmedia":[{"embeddable":true,"href":"https:\/\/huntingeurope.be\/en\/wp-json\/wp\/v2\/media\/50040"}],"wp:attachment":[{"href":"https:\/\/huntingeurope.be\/en\/wp-json\/wp\/v2\/media?parent=33592"}],"wp:term":[{"taxonomy":"product_brand","embeddable":true,"href":"https:\/\/huntingeurope.be\/en\/wp-json\/wp\/v2\/product_brand?post=33592"},{"taxonomy":"product_cat","embeddable":true,"href":"https:\/\/huntingeurope.be\/en\/wp-json\/wp\/v2\/product_cat?post=33592"},{"taxonomy":"product_tag","embeddable":true,"href":"https:\/\/huntingeurope.be\/en\/wp-json\/wp\/v2\/product_tag?post=33592"}],"curies":[{"name":"wp","href":"https:\/\/api.w.org\/{rel}","templated":true}]}}